{"id":1482,"date":"2007-12-23T20:31:34","date_gmt":"2007-12-23T20:31:34","guid":{"rendered":"http:\/\/blogs.upatras.gr\/palexopoulos\/about\/"},"modified":"2022-12-18T13:06:39","modified_gmt":"2022-12-18T11:06:39","slug":"about","status":"publish","type":"page","link":"https:\/\/blogs.upatras.gr\/palexopoulos\/about\/","title":{"rendered":"\u03a5\u03a0\u039f\u0394\u039f\u03a7\u0397"},"content":{"rendered":"<p><a href=\"http:\/\/blogs.upatras.gr\/palexopoulos\/wp-content\/uploads\/sites\/26\/2013\/09\/trieste2013-491.jpg\"><img decoding=\"async\" class=\"alignleft wp-image-1061 size-medium\" src=\"http:\/\/blogs.upatras.gr\/palexopoulos\/wp-content\/uploads\/sites\/26\/2013\/09\/trieste2013-491-300x232.jpg\" alt=\"Trieste2013 491\" width=\"300\" height=\"232\" srcset=\"https:\/\/blogs.upatras.gr\/palexopoulos\/wp-content\/uploads\/sites\/26\/2013\/09\/trieste2013-491-300x232.jpg 300w, https:\/\/blogs.upatras.gr\/palexopoulos\/wp-content\/uploads\/sites\/26\/2013\/09\/trieste2013-491.jpg 435w\" sizes=\"(max-width: 300px) 100vw, 300px\" \/><\/a><a href=\"http:\/\/blogs.upatras.gr\/palexopoulos\/wp-content\/uploads\/sites\/26\/2012\/10\/blog2.jpg\"><img decoding=\"async\" class=\"aligncenter wp-image-592 size-medium\" title=\"Blog\" src=\"http:\/\/blogs.upatras.gr\/palexopoulos\/wp-content\/uploads\/sites\/26\/2012\/10\/blog2-300x189.jpg\" alt=\"\" width=\"300\" height=\"189\" srcset=\"https:\/\/blogs.upatras.gr\/palexopoulos\/wp-content\/uploads\/sites\/26\/2012\/10\/blog2-300x189.jpg 300w, https:\/\/blogs.upatras.gr\/palexopoulos\/wp-content\/uploads\/sites\/26\/2012\/10\/blog2.jpg 566w\" sizes=\"(max-width: 300px) 100vw, 300px\" \/><\/a><\/p>\n<p>\u0391\u03b3\u03b1\u03c0\u03b7\u03c4\u03ad \u03b5\u03c0\u03b9\u03c3\u03ba\u03ad\u03c0\u03c4\u03b7,<\/p>\n<p>\u03c4\u03bf \u03c0\u03b1\u03c1\u03cc\u03bd \u03b9\u03c3\u03c4\u03bf\u03bb\u03cc\u03b3\u03b9\u03bf \u03c0\u03b5\u03c1\u03b9\u03bb\u03b1\u03bc\u03b2\u03ac\u03bd\u03b5\u03b9 \u03ba\u03b5\u03af\u03bc\u03b5\u03bd\u03b1 \u03c0\u03bf\u03c5 \u03c3\u03c5\u03bd\u03c4\u03ac\u03c7\u03b8\u03b7\u03ba\u03b1\u03bd \u03ba\u03b1\u03b8\u0384\u03bf\u03b4\u03cc\u03bd \u03ba\u03b1\u03c4\u03ac \u03c4\u03b7 \u03b4\u03b9\u03ac\u03c1\u03ba\u03b5\u03b9\u03b1 \u03c4\u03b7\u03c2 \u03b4\u03b9\u03b1\u03b4\u03c1\u03bf\u03bc\u03ae\u03c2: \u03a0\u03ac\u03c4\u03c1\u03b1-Darmstadt-Paris-Rostock-London-Erlangen-N\u00fcrnberg-M\u00fcnchen-\u03a0\u03ac\u03c4\u03c1\u03b1-\u039c\u03b5\u03c3\u03bf\u03bb\u03cc\u03b3\u03b3\u03b9-Trieste-Chicago-K\u03b1\u03c3\u03c4\u03b5\u03bb\u03bb\u03cc\u03c1\u03b9\u03b6\u03bf-\u0398\u03ae\u03b2\u03b1-\u03a0\u03ae\u03bb\u03b9\u03bf-\u03a1\u03b1\u03ba\u03af\u03c4\u03b1-\u039a\u03b1\u03bc\u03ac\u03ba\u03b9-Dublin-\u03a0\u03ac\u03c4\u03c1\u03b1&#8230; \u039a\u03b1\u03c4\u03b1\u03b3\u03c1\u03b1\u03c6\u03ad\u03c2 \u03bb\u03cc\u03b3\u03bf\u03c5 \u03c0\u03bf\u03c5 \u03c5\u03c0\u03b1\u03b9\u03bd\u03b9\u03ba\u03c4\u03b9\u03ba\u03ac \u03c6\u03b9\u03bb\u03bf\u03b4\u03cc\u03be\u03b7\u03c3\u03b1\u03bd -\u03ac\u03b3\u03bd\u03c9\u03c3\u03c4\u03bf \u03b5\u03ac\u03bd \u03c4\u03bf \u03ba\u03b1\u03c4\u03cc\u03c1\u03b8\u03c9\u03c3\u03b1\u03bd \u03ae \u03c4\u03bf \u03ba\u03b1\u03c4\u03bf\u03c1\u03b8\u03ce\u03bd\u03bf\u03c5\u03bd- \u03bd\u03b1 \u03c3\u03c5\u03bc\u03b2\u03ac\u03bb\u03bb\u03bf\u03c5\u03bd \u03c3\u03c4\u03b7\u03bd \u03b5\u03ba\u03b3\u03cd\u03bc\u03bd\u03b1\u03c3\u03b7 \u03c4\u03c9\u03bd \u03b1\u03b9\u03c3\u03b8\u03b7\u03bc\u03ac\u03c4\u03c9\u03bd \u03ba\u03b1\u03b9 \u03c4\u03b7\u03c2 \u03c8\u03c5\u03c7\u03ae\u03c2 \u03c3\u03c4\u03b7 \u03b4\u03b9\u03ac\u03ba\u03c1\u03b9\u03c3\u03b7 \u03c4\u03c9\u03bd \u03bf\u03c5\u03c3\u03b9\u03b1\u03c3\u03c4\u03b9\u03ba\u03ce\u03bd \u03ba\u03b1\u03b9 \u03ba\u03b1\u03af\u03c1\u03b9\u03c9\u03bd \u03b1\u03c0\u03cc \u03c4\u03b1 \u03b1\u03bd\u03bf\u03cd\u03c3\u03b9\u03b1 \u03ba\u03b1\u03b9 \u03b1\u03c3\u03ae\u03bc\u03b1\u03bd\u03c4\u03b1. \u03a4\u03b1 \u03ba\u03b5\u03af\u03bc\u03b5\u03bd\u03b1 \u03b3\u03c1\u03ac\u03c6\u03c4\u03b7\u03ba\u03b1\u03bd \u03c3\u03b5 \u03bc\u03b9\u03b1 \u03c4\u03c1\u03b9\u03ba\u03c5\u03bc\u03b9\u03c3\u03bc\u03ad\u03bd\u03b7 \u03b5\u03c0\u03bf\u03c7\u03ae \u03c1\u03b1\u03b3\u03b4\u03b1\u03af\u03c9\u03bd \u03b1\u03bb\u03bb\u03b1\u03b3\u03ce\u03bd, \u03bf\u03b9\u03ba\u03bf\u03bd\u03bf\u03bc\u03b9\u03ba\u03ae\u03c2 \u03ad\u03bd\u03b4\u03bf\u03b9\u03b1\u03c2 \u03ba\u03b1\u03b9 \u03c0\u03c1\u03c9\u03c4\u03cc\u03b3\u03bd\u03c9\u03c1\u03b7\u03c2 \u03b1\u03b2\u03b5\u03b2\u03b1\u03b9\u03cc\u03c4\u03b7\u03c4\u03b1\u03c2, \u03bc\u03ad\u03c3\u03b1 \u03c3\u03b5 \u03bc\u03b9\u03b1 \u0395\u03c5\u03c1\u03ce\u03c0\u03b7 \u03c0\u03bf\u03c5 \u03ba\u03bb\u03c5\u03b4\u03c9\u03bd\u03af\u03b6\u03b5\u03c4\u03b1\u03b9 \u03b1\u03c0\u03cc \u03b1\u03c3\u03cd\u03bc\u03bc\u03b5\u03c4\u03c1\u03b5\u03c2 \u03b1\u03c0\u03b5\u03b9\u03bb\u03ad\u03c2 \u03c4\u03c5\u03c6\u03bb\u03bf\u03cd \u03b8\u03c1\u03b7\u03c3\u03ba\u03b5\u03c5\u03c4\u03b9\u03ba\u03bf\u03cd \u03c6\u03b1\u03bd\u03b1\u03c4\u03b9\u03c3\u03bc\u03bf\u03cd \u03ba\u03b1\u03b9 \u03b1\u03c0\u03bf\u03bb\u03c5\u03c4\u03b1\u03c1\u03c7\u03b9\u03ba\u03ce\u03bd \u03b3\u03b5\u03b9\u03c4\u03bf\u03bd\u03b9\u03ba\u03ce\u03bd \u03ba\u03c1\u03b1\u03c4\u03ce\u03bd \u03ba\u03b1\u03b9 \u03b1\u03bd\u03b1\u03b6\u03b7\u03c4\u03ac \u03b5\u03bd\u03b1\u03b3\u03c9\u03bd\u03af\u03c9\u03c2 \u03c4\u03bf \u03b5\u03c0\u03cc\u03bc\u03b5\u03bd\u03bf \u03bc\u03b5\u03b3\u03ac\u03bb\u03bf \u03b2\u03ae\u03bc\u03b1&#8230;<\/p>\n<p><a href=\"http:\/\/blogs.upatras.gr\/palexopoulos\/wp-content\/uploads\/sites\/26\/2012\/11\/conclusion1.jpg\"><img decoding=\"async\" class=\"aligncenter size-full wp-image-700\" title=\"Conclusion\" src=\"http:\/\/blogs.upatras.gr\/palexopoulos\/wp-content\/uploads\/sites\/26\/2012\/11\/conclusion1.jpg\" alt=\"\" width=\"448\" height=\"336\" srcset=\"https:\/\/blogs.upatras.gr\/palexopoulos\/wp-content\/uploads\/sites\/26\/2012\/11\/conclusion1-300x225.jpg 300w, https:\/\/blogs.upatras.gr\/palexopoulos\/wp-content\/uploads\/sites\/26\/2012\/11\/conclusion1.jpg 448w\" sizes=\"(max-width: 448px) 100vw, 448px\" \/><\/a><\/p>\n<p style=\"text-align: justify\">Dear visitor,<\/p>\n<p style=\"text-align: justify\">this blog contains passages and texts written during the road trip Patras-Darmstadt-M\u00fcnchen-Paris-Rostock-London-Erlangen-N\u00fcrnberg-M\u00fcnchen-Patras-\u039celoggi-Trieste-Chicago-Kastellorizo-Pilion-Thebes-Rakita-Kalamaki-Dublin-Patras\u2026 They subtly aspire- it remains unclear whether they manage or fail to contribute to training heart and soul to distinguish between key aspects of a balanced life and meaninglessness and insignificance. \u03a4hey were written in a turbulent time of kaleidoscopic changes, penury, collapse of values, devastation of the till now &#8220;known&#8221; world order and unprecedented uncertainty, whils Europe is shaken by a deep and wide crisis and desperately seeks after the next breakthrough&#8230;<\/p>\n","protected":false},"excerpt":{"rendered":"<p>\u0391\u03b3\u03b1\u03c0\u03b7\u03c4\u03ad \u03b5\u03c0\u03b9\u03c3\u03ba\u03ad\u03c0\u03c4\u03b7, \u03c4\u03bf \u03c0\u03b1\u03c1\u03cc\u03bd \u03b9\u03c3\u03c4\u03bf\u03bb\u03cc\u03b3\u03b9\u03bf \u03c0\u03b5\u03c1\u03b9\u03bb\u03b1\u03bc\u03b2\u03ac\u03bd\u03b5\u03b9 \u03ba\u03b5\u03af\u03bc\u03b5\u03bd\u03b1 \u03c0\u03bf\u03c5 \u03c3\u03c5\u03bd\u03c4\u03ac\u03c7\u03b8\u03b7\u03ba\u03b1\u03bd \u03ba\u03b1\u03b8\u0384\u03bf\u03b4\u03cc\u03bd \u03ba\u03b1\u03c4\u03ac \u03c4\u03b7 \u03b4\u03b9\u03ac\u03c1\u03ba\u03b5\u03b9\u03b1 \u03c4\u03b7\u03c2 \u03b4\u03b9\u03b1\u03b4\u03c1\u03bf\u03bc\u03ae\u03c2: \u03a0\u03ac\u03c4\u03c1\u03b1-Darmstadt-Paris-Rostock-London-Erlangen-N\u00fcrnberg-M\u00fcnchen-\u03a0\u03ac\u03c4\u03c1\u03b1-\u039c\u03b5\u03c3\u03bf\u03bb\u03cc\u03b3\u03b3\u03b9-Trieste-Chicago-K\u03b1\u03c3\u03c4\u03b5\u03bb\u03bb\u03cc\u03c1\u03b9\u03b6\u03bf-\u0398\u03ae\u03b2\u03b1-\u03a0\u03ae\u03bb\u03b9\u03bf-\u03a1\u03b1\u03ba\u03af\u03c4\u03b1-\u039a\u03b1\u03bc\u03ac\u03ba\u03b9-Dublin-\u03a0\u03ac\u03c4\u03c1\u03b1&#8230; \u039a\u03b1\u03c4\u03b1\u03b3\u03c1\u03b1\u03c6\u03ad\u03c2 \u03bb\u03cc\u03b3\u03bf\u03c5 \u03c0\u03bf\u03c5 \u03c5\u03c0\u03b1\u03b9\u03bd\u03b9\u03ba\u03c4\u03b9\u03ba\u03ac \u03c6\u03b9\u03bb\u03bf\u03b4\u03cc\u03be\u03b7\u03c3\u03b1\u03bd -\u03ac\u03b3\u03bd\u03c9\u03c3\u03c4\u03bf \u03b5\u03ac\u03bd \u03c4\u03bf \u03ba\u03b1\u03c4\u03cc\u03c1\u03b8\u03c9\u03c3\u03b1\u03bd \u03ae \u03c4\u03bf \u03ba\u03b1\u03c4\u03bf\u03c1\u03b8\u03ce\u03bd\u03bf\u03c5\u03bd- \u03bd\u03b1 \u03c3\u03c5\u03bc\u03b2\u03ac\u03bb\u03bb\u03bf\u03c5\u03bd \u03c3\u03c4\u03b7\u03bd \u03b5\u03ba\u03b3\u03cd\u03bc\u03bd\u03b1\u03c3\u03b7 \u03c4\u03c9\u03bd \u03b1\u03b9\u03c3\u03b8\u03b7\u03bc\u03ac\u03c4\u03c9\u03bd \u03ba\u03b1\u03b9 \u03c4\u03b7\u03c2 \u03c8\u03c5\u03c7\u03ae\u03c2 \u03c3\u03c4\u03b7 \u03b4\u03b9\u03ac\u03ba\u03c1\u03b9\u03c3\u03b7 \u03c4\u03c9\u03bd &hellip; <a href=\"https:\/\/blogs.upatras.gr\/palexopoulos\/about\/\">Continue reading <span class=\"meta-nav\">&rarr;<\/span><\/a><\/p>\n","protected":false},"author":39,"featured_media":0,"parent":0,"menu_order":0,"comment_status":"open","ping_status":"open","template":"","meta":{"footnotes":""},"class_list":["post-1482","page","type-page","status-publish","hentry"],"_links":{"self":[{"href":"https:\/\/blogs.upatras.gr\/palexopoulos\/wp-json\/wp\/v2\/pages\/1482","targetHints":{"allow":["GET"]}}],"collection":[{"href":"https:\/\/blogs.upatras.gr\/palexopoulos\/wp-json\/wp\/v2\/pages"}],"about":[{"href":"https:\/\/blogs.upatras.gr\/palexopoulos\/wp-json\/wp\/v2\/types\/page"}],"author":[{"embeddable":true,"href":"https:\/\/blogs.upatras.gr\/palexopoulos\/wp-json\/wp\/v2\/users\/39"}],"replies":[{"embeddable":true,"href":"https:\/\/blogs.upatras.gr\/palexopoulos\/wp-json\/wp\/v2\/comments?post=1482"}],"version-history":[{"count":6,"href":"https:\/\/blogs.upatras.gr\/palexopoulos\/wp-json\/wp\/v2\/pages\/1482\/revisions"}],"predecessor-version":[{"id":2049,"href":"https:\/\/blogs.upatras.gr\/palexopoulos\/wp-json\/wp\/v2\/pages\/1482\/revisions\/2049"}],"wp:attachment":[{"href":"https:\/\/blogs.upatras.gr\/palexopoulos\/wp-json\/wp\/v2\/media?parent=1482"}],"curies":[{"name":"wp","href":"https:\/\/api.w.org\/{rel}","templated":true}]}}